{"id":823,"date":"2024-10-07T10:49:17","date_gmt":"2024-10-07T08:49:17","guid":{"rendered":"https:\/\/r-powermotion.com\/?page_id=823"},"modified":"2024-10-07T11:01:40","modified_gmt":"2024-10-07T09:01:40","slug":"mentions-legales","status":"publish","type":"page","link":"https:\/\/r-powermotion.com\/index.php\/mentions-legales\/","title":{"rendered":"Legals Informations"},"content":{"rendered":"\n<div class=\"wp-block-cover alignfull has-custom-content-position is-position-bottom-center\" style=\"margin-top:0;margin-bottom:0;padding-top:150px;padding-bottom:100px;min-height:609px;aspect-ratio:unset;\"><span aria-hidden=\"true\" class=\"wp-block-cover__background has-black-background-color has-background-dim\"><\/span><img loading=\"lazy\" decoding=\"async\" width=\"1920\" height=\"1080\" class=\"wp-block-cover__image-background wp-image-833\" alt=\"\" src=\"https:\/\/r-powermotion.com\/wp-content\/uploads\/2024\/10\/Design-sans-titre-1.jpg\" data-object-fit=\"cover\" srcset=\"https:\/\/r-powermotion.com\/wp-content\/uploads\/2024\/10\/Design-sans-titre-1.jpg 1920w, https:\/\/r-powermotion.com\/wp-content\/uploads\/2024\/10\/Design-sans-titre-1-300x169.jpg 300w, https:\/\/r-powermotion.com\/wp-content\/uploads\/2024\/10\/Design-sans-titre-1-1024x576.jpg 1024w, https:\/\/r-powermotion.com\/wp-content\/uploads\/2024\/10\/Design-sans-titre-1-768x432.jpg 768w, https:\/\/r-powermotion.com\/wp-content\/uploads\/2024\/10\/Design-sans-titre-1-1536x864.jpg 1536w\" sizes=\"auto, (max-width: 1920px) 100vw, 1920px\" \/><div class=\"wp-block-cover__inner-container has-global-padding is-layout-constrained wp-container-core-cover-is-layout-1 wp-block-cover-is-layout-constrained\">\n<h3 class=\"wp-block-heading has-text-color\" style=\"color:#ffffff;font-size:clamp(40.387px, 2.524rem + ((1vw - 3.2px) * 4.047), 76px);font-style:normal;font-weight:700\">Legals Informations<\/h3>\n\n\n\n<h1 class=\"wp-block-heading has-text-color\" style=\"color:#ffffff;font-size:clamp(22.041px, 1.378rem + ((1vw - 3.2px) * 1.586), 36px);font-style:normal;font-weight:100;line-height:1\">General terms and conditions<\/h1>\n\n\n\n<div style=\"height:50px\" aria-hidden=\"true\" class=\"wp-block-spacer\"><\/div>\n<\/div><\/div>\n\n\n\n<div class=\"wp-block-group has-global-padding is-layout-constrained wp-block-group-is-layout-constrained\">\n<div class=\"wp-block-group has-background has-global-padding is-layout-constrained wp-block-group-is-layout-constrained\" style=\"background-color:#ffffff\">\n<h4 class=\"wp-block-heading has-text-align-left has-text-color has-link-color wp-elements-da88590e6003a151222ce44e99a9ead9\" style=\"color:#01a8e0\"><strong>1. Website Presentation<\/strong><\/h4>\n\n\n\n<p>The website accessible at www.r-powermotion.com is published by:<br><strong>Company Name:<\/strong> R-Power Motion<br><strong>Legal Status:<\/strong> SARL with registration number 29 030 575 R.C.S. Chamb\u00e9ry<br><strong>VAT Number:<\/strong> FR 49929030575<br><strong>Postal Address:<\/strong> 410 route des cantini\u00e8res, 73170 LA BALME<br><strong>Publishing Director:<\/strong> Est\u00e9bane SALTAPES<br><strong>Contact Information:<\/strong> +33 (0)6 37 98 79 39<\/p>\n\n\n\n<h4 class=\"wp-block-heading has-text-align-left has-text-color has-link-color wp-elements-c32122c8dd282de6b750885738f2f79f\" style=\"color:#01a8e0\"><strong>2. Hosting<\/strong><\/h4>\n\n\n\n<p>The site is hosted by: <strong>OVH<\/strong><br>Website: <a href=\"https:\/\/www.ovh.com\">ovh.com<\/a><\/p>\n\n\n\n<h4 class=\"wp-block-heading has-text-align-left has-text-color has-link-color wp-elements-70bf42b4bf82e16d53f567ade7271953\" style=\"color:#01a8e0\"><strong>3. Collection of Personal Data<\/strong><\/h4>\n\n\n\n<p>The site collects data for analytical purposes to study traffic flow. No other personal data is collected.<\/p>\n\n\n\n<h4 class=\"wp-block-heading has-text-align-left has-text-color has-link-color wp-elements-20e59e6e5bdeaa3be1957737e62c02a6\" style=\"color:#01a8e0\"><strong>4. Cookies<\/strong><\/h4>\n\n\n\n<p>The site uses analytical cookies. Users can manage these cookies via a pop-up displayed on the site.<\/p>\n\n\n\n<h4 class=\"wp-block-heading has-text-align-left has-text-color has-link-color wp-elements-2c81094cc3141f2e3b6a998a796dc7b9\" style=\"color:#01a8e0\"><strong>5. Intellectual Property<\/strong><\/h4>\n\n\n\n<p>The content of the site is protected by copyright. Any reproduction or distribution without permission is prohibited.<\/p>\n\n\n\n<h4 class=\"wp-block-heading has-text-align-left has-text-color has-link-color wp-elements-aaffd1d4cced774a5374015a69ccc244\" style=\"color:#01a8e0\"><strong>6. Liability<\/strong><\/h4>\n\n\n\n<p>R-Power Motion has professional liability related to the services offered.<\/p>\n\n\n\n<h4 class=\"wp-block-heading has-text-align-left has-text-color has-link-color wp-elements-8d507605f5cecdbdd90f3d5a93a2f6e2\" style=\"color:#01a8e0\"><strong>7. Applicable Law<\/strong><\/h4>\n\n\n\n<p class=\"has-text-align-left\">These legal notices are governed by French law<\/p>\n<\/div>\n\n\n\n<div style=\"height:21px\" aria-hidden=\"true\" class=\"wp-block-spacer\"><\/div>\n\n\n\n<p class=\"has-text-align-center\">Please contact us if needed!<\/p>\n<\/div>\n\n\n\n<div class=\"wp-block-buttons is-content-justification-center is-layout-flex wp-container-core-buttons-is-layout-1 wp-block-buttons-is-layout-flex\">\n<div class=\"wp-block-button has-custom-font-size has-inter-font-family\" style=\"font-size:clamp(14px, 0.875rem + ((1vw - 3.2px) * 0.227), 16px);text-transform:uppercase\"><a class=\"wp-block-button__link has-text-color has-background has-link-color wp-element-button\" href=\"https:\/\/r-powermotion.com\/index.php\/contact\/\" style=\"border-radius:0px;color:#ffffff;background-color:#01a8e0;padding-top:10px;padding-right:30px;padding-bottom:10px;padding-left:30px\">CONTACT US<\/a><\/div>\n<\/div>\n\n\n\n<div style=\"height:46px\" aria-hidden=\"true\" class=\"wp-block-spacer\"><\/div>\n","protected":false},"excerpt":{"rendered":"<p>1. Website Presentation The website accessible at www.r-powermotion.com is published by:Company Name: R-Power MotionLegal Status: SARL with registration number 29 030 575 R.C.S. Chamb\u00e9ryVAT Number: FR 49929030575Postal Address: 410 route des cantini\u00e8res, 73170 LA BALMEPublishing Director: Est\u00e9bane SALTAPESContact Information: +33 (0)6 37 98 79 39 2. Hosting The site is hosted by: OVHWebsite: ovh.com 3. [&hellip;]<\/p>\n","protected":false},"author":1,"featured_media":0,"parent":0,"menu_order":0,"comment_status":"closed","ping_status":"closed","template":"","meta":{"_eb_attr":"","inline_featured_image":false,"footnotes":""},"class_list":["post-823","page","type-page","status-publish","hentry"],"jetpack_sharing_enabled":true,"_links":{"self":[{"href":"https:\/\/r-powermotion.com\/index.php\/wp-json\/wp\/v2\/pages\/823","targetHints":{"allow":["GET"]}}],"collection":[{"href":"https:\/\/r-powermotion.com\/index.php\/wp-json\/wp\/v2\/pages"}],"about":[{"href":"https:\/\/r-powermotion.com\/index.php\/wp-json\/wp\/v2\/types\/page"}],"author":[{"embeddable":true,"href":"https:\/\/r-powermotion.com\/index.php\/wp-json\/wp\/v2\/users\/1"}],"replies":[{"embeddable":true,"href":"https:\/\/r-powermotion.com\/index.php\/wp-json\/wp\/v2\/comments?post=823"}],"version-history":[{"count":13,"href":"https:\/\/r-powermotion.com\/index.php\/wp-json\/wp\/v2\/pages\/823\/revisions"}],"predecessor-version":[{"id":839,"href":"https:\/\/r-powermotion.com\/index.php\/wp-json\/wp\/v2\/pages\/823\/revisions\/839"}],"wp:attachment":[{"href":"https:\/\/r-powermotion.com\/index.php\/wp-json\/wp\/v2\/media?parent=823"}],"curies":[{"name":"wp","href":"https:\/\/api.w.org\/{rel}","templated":true}]}}